{"id":150,"date":"2021-11-19T15:12:40","date_gmt":"2021-11-19T14:12:40","guid":{"rendered":"https:\/\/aard24.fr\/?page_id=150"},"modified":"2026-04-09T15:05:15","modified_gmt":"2026-04-09T13:05:15","slug":"emploi","status":"publish","type":"page","link":"https:\/\/aard24.fr\/?page_id=150","title":{"rendered":"Emploi"},"content":{"rendered":"<p>[et_pb_section fb_built=\u00a0\u00bb1&Prime; custom_padding_last_edited=\u00a0\u00bbon|phone\u00a0\u00bb admin_label=\u00a0\u00bbHero\u00a0\u00bb module_id=\u00a0\u00bb#accueil\u00a0\u00bb _builder_version=\u00a0\u00bb4.21.0&Prime; background_color=\u00a0\u00bb#388c88&Prime; background_color_gradient_start=\u00a0\u00bbrgba(49,128,192,0.2)\u00a0\u00bb background_color_gradient_end=\u00a0\u00bbrgba(44,90,121,0.28)\u00a0\u00bb background_enable_image=\u00a0\u00bboff\u00a0\u00bb background_size=\u00a0\u00bbcustom\u00a0\u00bb background_position=\u00a0\u00bbcenter_left\u00a0\u00bb width=\u00a0\u00bb100%\u00a0\u00bb max_width=\u00a0\u00bb100%\u00a0\u00bb min_height=\u00a0\u00bb158px\u00a0\u00bb max_height=\u00a0\u00bb396px\u00a0\u00bb custom_margin=\u00a0\u00bb|5vw||\u00a0\u00bb custom_padding=\u00a0\u00bb4vw||4vw||false|false\u00a0\u00bb custom_padding_tablet=\u00a0\u00bb100px||100px|\u00a0\u00bb custom_padding_phone=\u00a0\u00bb|||\u00a0\u00bb top_divider_height=\u00a0\u00bb92px\u00a0\u00bb animation_style=\u00a0\u00bbslide\u00a0\u00bb animation_direction=\u00a0\u00bbleft\u00a0\u00bb animation_duration=\u00a0\u00bb950ms\u00a0\u00bb animation_intensity_slide=\u00a0\u00bb1%\u00a0\u00bb animation_starting_opacity=\u00a0\u00bb100%\u00a0\u00bb animation_speed_curve=\u00a0\u00bblinear\u00a0\u00bb border_radii=\u00a0\u00bb|||30vw|\u00a0\u00bb border_color_all=\u00a0\u00bb#F68713&Prime; border_width_right=\u00a0\u00bb2vw\u00a0\u00bb global_colors_info=\u00a0\u00bb{}\u00a0\u00bb][et_pb_row _builder_version=\u00a0\u00bb4.19.2&Prime; _module_preset=\u00a0\u00bbdefault\u00a0\u00bb global_colors_info=\u00a0\u00bb{}\u00a0\u00bb][et_pb_column type=\u00a0\u00bb4_4&Prime; _builder_version=\u00a0\u00bb4.19.2&Prime; _module_preset=\u00a0\u00bbdefault\u00a0\u00bb global_colors_info=\u00a0\u00bb{}\u00a0\u00bb][et_pb_image src=\u00a0\u00bbhttps:\/\/aard24.fr\/wp-content\/uploads\/2021\/11\/logo-aard.png\u00a0\u00bb title_text=\u00a0\u00bblogo-aard\u00a0\u00bb align=\u00a0\u00bbcenter\u00a0\u00bb _builder_version=\u00a0\u00bb4.19.2&Prime; _module_preset=\u00a0\u00bbdefault\u00a0\u00bb min_height=\u00a0\u00bb141px\u00a0\u00bb height=\u00a0\u00bb137px\u00a0\u00bb max_height=\u00a0\u00bb253px\u00a0\u00bb global_colors_info=\u00a0\u00bb{}\u00a0\u00bb][\/et_pb_image][\/et_pb_column][\/et_pb_row][et_pb_row _builder_version=\u00a0\u00bb4.16&Prime; _module_preset=\u00a0\u00bbdefault\u00a0\u00bb global_colors_info=\u00a0\u00bb{}\u00a0\u00bb][et_pb_column type=\u00a0\u00bb4_4&Prime; _builder_version=\u00a0\u00bb4.16&Prime; _module_preset=\u00a0\u00bbdefault\u00a0\u00bb global_colors_info=\u00a0\u00bb{}\u00a0\u00bb][et_pb_text admin_label=\u00a0\u00bbText\u00a0\u00bb _builder_version=\u00a0\u00bb4.16&Prime; text_font=\u00a0\u00bbMontserrat|300|||||||\u00a0\u00bb text_text_color=\u00a0\u00bb#2C5A79&Prime; text_font_size=\u00a0\u00bb22px\u00a0\u00bb text_line_height=\u00a0\u00bb1.8em\u00a0\u00bb ul_font=\u00a0\u00bb||||||||\u00a0\u00bb header_font=\u00a0\u00bbMontserrat|500|||||||\u00a0\u00bb header_text_color=\u00a0\u00bb#2C5A79&Prime; header_font_size=\u00a0\u00bb3vw\u00a0\u00bb header_line_height=\u00a0\u00bb1.2em\u00a0\u00bb text_orientation=\u00a0\u00bbcenter\u00a0\u00bb background_layout=\u00a0\u00bbdark\u00a0\u00bb module_alignment=\u00a0\u00bbcenter\u00a0\u00bb text_line_height_tablet=\u00a0\u00bb2em\u00a0\u00bb text_line_height_phone=\u00a0\u00bb2em\u00a0\u00bb text_line_height_last_edited=\u00a0\u00bboff|desktop\u00a0\u00bb header_font_size_tablet=\u00a0\u00bb40px\u00a0\u00bb header_font_size_phone=\u00a0\u00bb\u00a0\u00bb header_font_size_last_edited=\u00a0\u00bbon|tablet\u00a0\u00bb header_line_height_tablet=\u00a0\u00bb1.2em\u00a0\u00bb header_line_height_phone=\u00a0\u00bb1.1em\u00a0\u00bb header_line_height_last_edited=\u00a0\u00bbon|phone\u00a0\u00bb header_text_shadow_style=\u00a0\u00bbpreset3&Prime; header_text_shadow_color=\u00a0\u00bbrgba(0,0,0,0.06)\u00a0\u00bb global_colors_info=\u00a0\u00bb{}\u00a0\u00bb]<\/p>\n<div class=\"col sml-12 med-10 lrg-10\">\n<h1 class=\"text-center pt60\"><span style=\"color: #ffffff;\">Emploi<\/span><\/h1>\n<\/div>\n<p>[\/et_pb_text][\/et_pb_column][\/et_pb_row][\/et_pb_section][et_pb_section fb_built=\u00a0\u00bb1&Prime; _builder_version=\u00a0\u00bb4.16&Prime; _module_preset=\u00a0\u00bbdefault\u00a0\u00bb global_colors_info=\u00a0\u00bb{}\u00a0\u00bb][et_pb_row column_structure=\u00a0\u00bb3_5,2_5&Prime; disabled_on=\u00a0\u00bboff|off|off\u00a0\u00bb _builder_version=\u00a0\u00bb4.27.4&Prime; _module_preset=\u00a0\u00bbdefault\u00a0\u00bb global_colors_info=\u00a0\u00bb{}\u00a0\u00bb][et_pb_column type=\u00a0\u00bb3_5&Prime; _builder_version=\u00a0\u00bb4.16&Prime; _module_preset=\u00a0\u00bbdefault\u00a0\u00bb global_colors_info=\u00a0\u00bb{}\u00a0\u00bb][et_pb_text disabled_on=\u00a0\u00bboff|off|off\u00a0\u00bb _builder_version=\u00a0\u00bb4.27.4&Prime; _module_preset=\u00a0\u00bbdefault\u00a0\u00bb global_colors_info=\u00a0\u00bb{}\u00a0\u00bb]<\/p>\n<h1 class=\"entry-title\">Nous recrutons des Auxiliaires de Vie (H\/F)\u00a0<strong><\/strong><\/h1>\n<p>Les publics accompagn\u00e9s sont essentiellement des personnes en pertes d\u2019autonomie ou des personnes en situation de handicap. Elles sont dans l\u2019incapacit\u00e9 de faire seules les actes ordinaires et essentiels de la vie courante.<\/p>\n<p>Cet accompagnement a une dimension sociale.<\/p>\n<p><strong>Les t\u00e2ches principales \u00e0 effectuer sont :<\/strong><\/p>\n<ul>\n<li>l&rsquo;aide \u00e0 l&rsquo;entretien du logement<\/li>\n<li>l&rsquo;entretien du linge<\/li>\n<li>l&rsquo;aide aux courses<\/li>\n<li>l&rsquo;aide \u00e0 la pr\u00e9paration des repas<\/li>\n<\/ul>\n<p><strong>Pour les auxiliaires exp\u00e9riment\u00e9s (\u00e9es) :<\/strong><\/p>\n<ul>\n<li>toilette compl\u00e8te<\/li>\n<li>stimulation de la personne<\/li>\n<li>participer \u00e0 la vie sociale et relationnelle<\/li>\n<li>assistance individualis\u00e9e<\/li>\n<\/ul>\n<p>Ce poste peut \u00eatre \u00e9volutif par la mise en place d\u2019un accompagnement du salari\u00e9 dans le cadre d\u2019un parcours de formation individualis\u00e9.<\/p>\n<p>Vous pouvez acc\u00e9der \u00e0 l&rsquo;annonce compl\u00e8te et postuler via le lien ci-contre\u00a0<a href=\"https:\/\/candidat.francetravail.fr\/offres\/recherche\/detail\/203SKDN\" target=\"_blank\" rel=\"noopener\">https:\/\/candidat.francetravail.fr\/offres\/recherche\/detail\/203SKDN<\/a><\/p>\n<p>[\/et_pb_text][\/et_pb_column][et_pb_column type=\u00a0\u00bb2_5&Prime; _builder_version=\u00a0\u00bb4.16&Prime; _module_preset=\u00a0\u00bbdefault\u00a0\u00bb global_colors_info=\u00a0\u00bb{}\u00a0\u00bb][et_pb_image src=\u00a0\u00bbhttps:\/\/aard24.fr\/wp-content\/uploads\/2026\/02\/Design-sans-titre.jpg\u00a0\u00bb title_text=\u00a0\u00bbDesign sans titre &#8211; 1&Prime; _builder_version=\u00a0\u00bb4.27.4&Prime; _module_preset=\u00a0\u00bbdefault\u00a0\u00bb animation_style=\u00a0\u00bbslide\u00a0\u00bb box_shadow_style=\u00a0\u00bbpreset2&Prime; box_shadow_horizontal=\u00a0\u00bb18px\u00a0\u00bb box_shadow_vertical=\u00a0\u00bb26px\u00a0\u00bb box_shadow_blur=\u00a0\u00bb3px\u00a0\u00bb global_colors_info=\u00a0\u00bb{}\u00a0\u00bb][\/et_pb_image][\/et_pb_column][\/et_pb_row][\/et_pb_section]<\/p>\n","protected":false},"excerpt":{"rendered":"<p>Emploi Nous recrutons des Auxiliaires de Vie (H\/F)\u00a0 Les publics accompagn\u00e9s sont essentiellement des personnes en pertes d\u2019autonomie ou des personnes en situation de handicap. Elles sont dans l\u2019incapacit\u00e9 de faire seules les actes ordinaires et essentiels de la vie courante. Cet accompagnement a une dimension sociale. Les t\u00e2ches principales \u00e0 effectuer sont : l&rsquo;aide [&hellip;]<\/p>\n","protected":false},"author":1,"featured_media":0,"parent":0,"menu_order":0,"comment_status":"closed","ping_status":"closed","template":"","meta":{"_et_pb_use_builder":"on","_et_pb_old_content":"","_et_gb_content_width":"","footnotes":""},"class_list":["post-150","page","type-page","status-publish","hentry"],"yoast_head":"<!-- This site is optimized with the Yoast SEO plugin v27.1.1 - https:\/\/yoast.com\/product\/yoast-seo-wordpress\/ -->\n<title>Emploi - aard24<\/title>\n<meta name=\"robots\" content=\"index, follow, max-snippet:-1, max-image-preview:large, max-video-preview:-1\" \/>\n<link rel=\"canonical\" href=\"https:\/\/aard24.fr\/?page_id=150\" \/>\n<meta property=\"og:locale\" content=\"fr_FR\" \/>\n<meta property=\"og:type\" content=\"article\" \/>\n<meta property=\"og:title\" content=\"Emploi - aard24\" \/>\n<meta property=\"og:description\" content=\"Emploi Nous recrutons des Auxiliaires de Vie (H\/F)\u00a0 Les publics accompagn\u00e9s sont essentiellement des personnes en pertes d\u2019autonomie ou des personnes en situation de handicap. Elles sont dans l\u2019incapacit\u00e9 de faire seules les actes ordinaires et essentiels de la vie courante. Cet accompagnement a une dimension sociale. Les t\u00e2ches principales \u00e0 effectuer sont : l&#039;aide [&hellip;]\" \/>\n<meta property=\"og:url\" content=\"https:\/\/aard24.fr\/?page_id=150\" \/>\n<meta property=\"og:site_name\" content=\"aard24\" \/>\n<meta property=\"article:modified_time\" content=\"2026-04-09T13:05:15+00:00\" \/>\n<meta name=\"twitter:card\" content=\"summary_large_image\" \/>\n<meta name=\"twitter:label1\" content=\"Dur\u00e9e de lecture estim\u00e9e\" \/>\n\t<meta name=\"twitter:data1\" content=\"1 minute\" \/>\n<script type=\"application\/ld+json\" class=\"yoast-schema-graph\">{\"@context\":\"https:\/\/schema.org\",\"@graph\":[{\"@type\":\"WebPage\",\"@id\":\"https:\/\/aard24.fr\/?page_id=150\",\"url\":\"https:\/\/aard24.fr\/?page_id=150\",\"name\":\"Emploi - aard24\",\"isPartOf\":{\"@id\":\"https:\/\/aard24.fr\/#website\"},\"datePublished\":\"2021-11-19T14:12:40+00:00\",\"dateModified\":\"2026-04-09T13:05:15+00:00\",\"breadcrumb\":{\"@id\":\"https:\/\/aard24.fr\/?page_id=150#breadcrumb\"},\"inLanguage\":\"fr-FR\",\"potentialAction\":[{\"@type\":\"ReadAction\",\"target\":[\"https:\/\/aard24.fr\/?page_id=150\"]}]},{\"@type\":\"BreadcrumbList\",\"@id\":\"https:\/\/aard24.fr\/?page_id=150#breadcrumb\",\"itemListElement\":[{\"@type\":\"ListItem\",\"position\":1,\"name\":\"Accueil\",\"item\":\"https:\/\/aard24.fr\/\"},{\"@type\":\"ListItem\",\"position\":2,\"name\":\"Emploi\"}]},{\"@type\":\"WebSite\",\"@id\":\"https:\/\/aard24.fr\/#website\",\"url\":\"https:\/\/aard24.fr\/\",\"name\":\"aard24\",\"description\":\"l&#039;aide \u00e0 domicile\",\"potentialAction\":[{\"@type\":\"SearchAction\",\"target\":{\"@type\":\"EntryPoint\",\"urlTemplate\":\"https:\/\/aard24.fr\/?s={search_term_string}\"},\"query-input\":{\"@type\":\"PropertyValueSpecification\",\"valueRequired\":true,\"valueName\":\"search_term_string\"}}],\"inLanguage\":\"fr-FR\"}]}<\/script>\n<!-- \/ Yoast SEO plugin. -->","yoast_head_json":{"title":"Emploi - aard24","robots":{"index":"index","follow":"follow","max-snippet":"max-snippet:-1","max-image-preview":"max-image-preview:large","max-video-preview":"max-video-preview:-1"},"canonical":"https:\/\/aard24.fr\/?page_id=150","og_locale":"fr_FR","og_type":"article","og_title":"Emploi - aard24","og_description":"Emploi Nous recrutons des Auxiliaires de Vie (H\/F)\u00a0 Les publics accompagn\u00e9s sont essentiellement des personnes en pertes d\u2019autonomie ou des personnes en situation de handicap. Elles sont dans l\u2019incapacit\u00e9 de faire seules les actes ordinaires et essentiels de la vie courante. Cet accompagnement a une dimension sociale. Les t\u00e2ches principales \u00e0 effectuer sont : l'aide [&hellip;]","og_url":"https:\/\/aard24.fr\/?page_id=150","og_site_name":"aard24","article_modified_time":"2026-04-09T13:05:15+00:00","twitter_card":"summary_large_image","twitter_misc":{"Dur\u00e9e de lecture estim\u00e9e":"1 minute"},"schema":{"@context":"https:\/\/schema.org","@graph":[{"@type":"WebPage","@id":"https:\/\/aard24.fr\/?page_id=150","url":"https:\/\/aard24.fr\/?page_id=150","name":"Emploi - aard24","isPartOf":{"@id":"https:\/\/aard24.fr\/#website"},"datePublished":"2021-11-19T14:12:40+00:00","dateModified":"2026-04-09T13:05:15+00:00","breadcrumb":{"@id":"https:\/\/aard24.fr\/?page_id=150#breadcrumb"},"inLanguage":"fr-FR","potentialAction":[{"@type":"ReadAction","target":["https:\/\/aard24.fr\/?page_id=150"]}]},{"@type":"BreadcrumbList","@id":"https:\/\/aard24.fr\/?page_id=150#breadcrumb","itemListElement":[{"@type":"ListItem","position":1,"name":"Accueil","item":"https:\/\/aard24.fr\/"},{"@type":"ListItem","position":2,"name":"Emploi"}]},{"@type":"WebSite","@id":"https:\/\/aard24.fr\/#website","url":"https:\/\/aard24.fr\/","name":"aard24","description":"l&#039;aide \u00e0 domicile","potentialAction":[{"@type":"SearchAction","target":{"@type":"EntryPoint","urlTemplate":"https:\/\/aard24.fr\/?s={search_term_string}"},"query-input":{"@type":"PropertyValueSpecification","valueRequired":true,"valueName":"search_term_string"}}],"inLanguage":"fr-FR"}]}},"_links":{"self":[{"href":"https:\/\/aard24.fr\/index.php?rest_route=\/wp\/v2\/pages\/150","targetHints":{"allow":["GET"]}}],"collection":[{"href":"https:\/\/aard24.fr\/index.php?rest_route=\/wp\/v2\/pages"}],"about":[{"href":"https:\/\/aard24.fr\/index.php?rest_route=\/wp\/v2\/types\/page"}],"author":[{"embeddable":true,"href":"https:\/\/aard24.fr\/index.php?rest_route=\/wp\/v2\/users\/1"}],"replies":[{"embeddable":true,"href":"https:\/\/aard24.fr\/index.php?rest_route=%2Fwp%2Fv2%2Fcomments&post=150"}],"version-history":[{"count":35,"href":"https:\/\/aard24.fr\/index.php?rest_route=\/wp\/v2\/pages\/150\/revisions"}],"predecessor-version":[{"id":708,"href":"https:\/\/aard24.fr\/index.php?rest_route=\/wp\/v2\/pages\/150\/revisions\/708"}],"wp:attachment":[{"href":"https:\/\/aard24.fr\/index.php?rest_route=%2Fwp%2Fv2%2Fmedia&parent=150"}],"curies":[{"name":"wp","href":"https:\/\/api.w.org\/{rel}","templated":true}]}}