{"id":178,"date":"2021-12-07T15:58:49","date_gmt":"2021-12-07T14:58:49","guid":{"rendered":"https:\/\/aard24.fr\/?page_id=178"},"modified":"2025-01-31T09:36:28","modified_gmt":"2025-01-31T08:36:28","slug":"actualites","status":"publish","type":"page","link":"https:\/\/aard24.fr\/?page_id=178","title":{"rendered":"Actualit\u00e9s"},"content":{"rendered":"<p>[et_pb_section fb_built=\u00a0\u00bb1&Prime; custom_padding_last_edited=\u00a0\u00bbon|phone\u00a0\u00bb admin_label=\u00a0\u00bbHero\u00a0\u00bb module_id=\u00a0\u00bb#accueil\u00a0\u00bb _builder_version=\u00a0\u00bb4.21.0&Prime; background_color=\u00a0\u00bbrgba(7,111,132,0.73)\u00a0\u00bb use_background_color_gradient=\u00a0\u00bbon\u00a0\u00bb background_color_gradient_stops=\u00a0\u00bbrgba(49,128,192,0.2) 0%|rgba(44,90,121,0.28) 100%\u00a0\u00bb background_color_gradient_overlays_image=\u00a0\u00bbon\u00a0\u00bb background_color_gradient_start=\u00a0\u00bbrgba(49,128,192,0.2)\u00a0\u00bb background_color_gradient_end=\u00a0\u00bbrgba(44,90,121,0.28)\u00a0\u00bb background_enable_image=\u00a0\u00bboff\u00a0\u00bb background_size=\u00a0\u00bbcustom\u00a0\u00bb background_position=\u00a0\u00bbcenter_left\u00a0\u00bb custom_margin=\u00a0\u00bb|5vw||\u00a0\u00bb custom_padding=\u00a0\u00bb0vw||0vw||false|false\u00a0\u00bb custom_padding_tablet=\u00a0\u00bb100px||100px|\u00a0\u00bb custom_padding_phone=\u00a0\u00bb|||\u00a0\u00bb animation_style=\u00a0\u00bbslide\u00a0\u00bb animation_direction=\u00a0\u00bbleft\u00a0\u00bb animation_intensity_slide=\u00a0\u00bb5%\u00a0\u00bb border_radii=\u00a0\u00bb|||30vw|\u00a0\u00bb border_color_all=\u00a0\u00bb#F68713&Prime; border_width_right=\u00a0\u00bb2vw\u00a0\u00bb box_shadow_style=\u00a0\u00bbpreset4&Prime; box_shadow_horizontal=\u00a0\u00bb20px\u00a0\u00bb box_shadow_vertical=\u00a0\u00bb0px\u00a0\u00bb box_shadow_color=\u00a0\u00bbrgba(246,135,19,0.33)\u00a0\u00bb global_colors_info=\u00a0\u00bb{}\u00a0\u00bb][et_pb_row _builder_version=\u00a0\u00bb4.19.2&Prime; _module_preset=\u00a0\u00bbdefault\u00a0\u00bb global_colors_info=\u00a0\u00bb{}\u00a0\u00bb][et_pb_column type=\u00a0\u00bb4_4&Prime; _builder_version=\u00a0\u00bb4.19.2&Prime; _module_preset=\u00a0\u00bbdefault\u00a0\u00bb global_colors_info=\u00a0\u00bb{}\u00a0\u00bb][et_pb_image src=\u00a0\u00bbhttps:\/\/aard24.fr\/wp-content\/uploads\/2021\/11\/logo-aard.png\u00a0\u00bb title_text=\u00a0\u00bblogo-aard\u00a0\u00bb align=\u00a0\u00bbcenter\u00a0\u00bb _builder_version=\u00a0\u00bb4.19.2&Prime; _module_preset=\u00a0\u00bbdefault\u00a0\u00bb width=\u00a0\u00bb100%\u00a0\u00bb max_width=\u00a0\u00bb82%\u00a0\u00bb max_height=\u00a0\u00bb146px\u00a0\u00bb global_colors_info=\u00a0\u00bb{}\u00a0\u00bb][\/et_pb_image][\/et_pb_column][\/et_pb_row][et_pb_row _builder_version=\u00a0\u00bb4.16&Prime; _module_preset=\u00a0\u00bbdefault\u00a0\u00bb global_colors_info=\u00a0\u00bb{}\u00a0\u00bb][et_pb_column type=\u00a0\u00bb4_4&Prime; _builder_version=\u00a0\u00bb4.16&Prime; _module_preset=\u00a0\u00bbdefault\u00a0\u00bb global_colors_info=\u00a0\u00bb{}\u00a0\u00bb][et_pb_text admin_label=\u00a0\u00bbText\u00a0\u00bb _builder_version=\u00a0\u00bb4.16&Prime; text_font=\u00a0\u00bbMontserrat|300|||||||\u00a0\u00bb text_text_color=\u00a0\u00bb#2C5A79&Prime; text_font_size=\u00a0\u00bb22px\u00a0\u00bb text_line_height=\u00a0\u00bb1.8em\u00a0\u00bb ul_font=\u00a0\u00bb||||||||\u00a0\u00bb header_font=\u00a0\u00bbMontserrat|500|||||||\u00a0\u00bb header_text_color=\u00a0\u00bb#2C5A79&Prime; header_font_size=\u00a0\u00bb3vw\u00a0\u00bb header_line_height=\u00a0\u00bb1.2em\u00a0\u00bb text_orientation=\u00a0\u00bbcenter\u00a0\u00bb background_layout=\u00a0\u00bbdark\u00a0\u00bb module_alignment=\u00a0\u00bbcenter\u00a0\u00bb text_line_height_tablet=\u00a0\u00bb2em\u00a0\u00bb text_line_height_phone=\u00a0\u00bb2em\u00a0\u00bb text_line_height_last_edited=\u00a0\u00bboff|desktop\u00a0\u00bb header_font_size_tablet=\u00a0\u00bb40px\u00a0\u00bb header_font_size_phone=\u00a0\u00bb\u00a0\u00bb header_font_size_last_edited=\u00a0\u00bbon|tablet\u00a0\u00bb header_line_height_tablet=\u00a0\u00bb1.2em\u00a0\u00bb header_line_height_phone=\u00a0\u00bb1.1em\u00a0\u00bb header_line_height_last_edited=\u00a0\u00bbon|phone\u00a0\u00bb header_text_shadow_style=\u00a0\u00bbpreset3&Prime; header_text_shadow_color=\u00a0\u00bbrgba(0,0,0,0.06)\u00a0\u00bb global_colors_info=\u00a0\u00bb{}\u00a0\u00bb]<\/p>\n<div class=\"col sml-12 med-10 lrg-10\">\n<h1 class=\"text-center pt60\"><span style=\"color: #ffffff;\">Actualit\u00e9s<\/span><\/h1>\n<\/div>\n<p>[\/et_pb_text][\/et_pb_column][\/et_pb_row][\/et_pb_section][et_pb_section fb_built=\u00a0\u00bb1&Prime; _builder_version=\u00a0\u00bb4.16&Prime; _module_preset=\u00a0\u00bbdefault\u00a0\u00bb min_height=\u00a0\u00bb851.5px\u00a0\u00bb global_colors_info=\u00a0\u00bb{}\u00a0\u00bb][et_pb_row _builder_version=\u00a0\u00bb4.16&Prime; _module_preset=\u00a0\u00bbdefault\u00a0\u00bb global_colors_info=\u00a0\u00bb{}\u00a0\u00bb][et_pb_column type=\u00a0\u00bb4_4&Prime; _builder_version=\u00a0\u00bb4.16&Prime; _module_preset=\u00a0\u00bbdefault\u00a0\u00bb global_colors_info=\u00a0\u00bb{}\u00a0\u00bb][et_pb_text _builder_version=\u00a0\u00bb4.19.2&Prime; _module_preset=\u00a0\u00bbdefault\u00a0\u00bb global_colors_info=\u00a0\u00bb{}\u00a0\u00bb]<\/p>\n<h1>Veuillez retrouver les actualit\u00e9s d&rsquo;AARD 24<\/h1>\n<h2><\/h2>\n<p>Les actualit\u00e9s les plus r\u00e9centes<\/p>\n<p>[\/et_pb_text][\/et_pb_column][\/et_pb_row][et_pb_row column_structure=\u00a0\u00bb1_3,1_3,1_3&Prime; _builder_version=\u00a0\u00bb4.16&Prime; _module_preset=\u00a0\u00bbdefault\u00a0\u00bb global_colors_info=\u00a0\u00bb{}\u00a0\u00bb][et_pb_column type=\u00a0\u00bb1_3&Prime; _builder_version=\u00a0\u00bb4.16&Prime; _module_preset=\u00a0\u00bbdefault\u00a0\u00bb global_colors_info=\u00a0\u00bb{}\u00a0\u00bb][et_pb_blog fullwidth=\u00a0\u00bboff\u00a0\u00bb include_categories=\u00a0\u00bb7&Prime; _builder_version=\u00a0\u00bb4.19.2&Prime; _module_preset=\u00a0\u00bbdefault\u00a0\u00bb global_colors_info=\u00a0\u00bb{}\u00a0\u00bb][\/et_pb_blog][\/et_pb_column][et_pb_column _builder_version=\u00a0\u00bb4.27.4&Prime; _module_preset=\u00a0\u00bbdefault\u00a0\u00bb type=\u00a0\u00bb1_3&Prime;][et_pb_code _builder_version=\u00a0\u00bb4.27.4&Prime; _module_preset=\u00a0\u00bbdefault\u00a0\u00bb hover_enabled=\u00a0\u00bb0&Prime; sticky_enabled=\u00a0\u00bb0&Prime;]<iframe loading=\"lazy\" src=\"https:\/\/www.facebook.com\/plugins\/post.php?href=https%3A%2F%2Fwww.facebook.com%2Fpermalink.php%3Fstory_fbid%3Dpfbid0ov9Ryca1CwsuQp7yArAGSMvL2d5rK3ERhTUjPKfLNPmepxB8k3UrE9paPfiC5EZTl%26id%3D100083261106630&#038;show_text=true&#038;width=500\" width=\"500\" height=\"392\" style=\"border:none;overflow:hidden\" scrolling=\"no\" frameborder=\"0\" allowfullscreen=\"true\" allow=\"autoplay; clipboard-write; encrypted-media; picture-in-picture; web-share\"><\/iframe>[\/et_pb_code][\/et_pb_column][et_pb_column type=\u00a0\u00bb1_3&Prime; _builder_version=\u00a0\u00bb4.21.0&Prime; _module_preset=\u00a0\u00bbdefault\u00a0\u00bb global_colors_info=\u00a0\u00bb{}\u00a0\u00bb][et_pb_text _builder_version=\u00a0\u00bb4.21.0&Prime; _module_preset=\u00a0\u00bbdefault\u00a0\u00bb global_colors_info=\u00a0\u00bb{}\u00a0\u00bb]<\/p>\n<div style=\"width: 1080px;\" class=\"wp-video\"><video class=\"wp-video-shortcode\" id=\"video-178-1\" width=\"1080\" height=\"608\" preload=\"metadata\" controls=\"controls\"><source type=\"video\/mp4\" src=\"https:\/\/aard24.fr\/wp-content\/uploads\/2024\/03\/journee_nationale_des_aides_a_domicile_du_17_mars-720p-1.mp4?_=1\" \/><a href=\"https:\/\/aard24.fr\/wp-content\/uploads\/2024\/03\/journee_nationale_des_aides_a_domicile_du_17_mars-720p-1.mp4\">https:\/\/aard24.fr\/wp-content\/uploads\/2024\/03\/journee_nationale_des_aides_a_domicile_du_17_mars-720p-1.mp4<\/a><\/video><\/div>\n<div style=\"width: 1080px;\" class=\"wp-video\"><video class=\"wp-video-shortcode\" id=\"video-178-2\" width=\"1080\" height=\"608\" preload=\"metadata\" controls=\"controls\"><source type=\"video\/mp4\" src=\"https:\/\/aard24.fr\/wp-content\/uploads\/2024\/03\/journee_nationale_des_aides_a_domicile_du_17_mars-720p.mp4?_=2\" \/><a href=\"https:\/\/aard24.fr\/wp-content\/uploads\/2024\/03\/journee_nationale_des_aides_a_domicile_du_17_mars-720p.mp4\">https:\/\/aard24.fr\/wp-content\/uploads\/2024\/03\/journee_nationale_des_aides_a_domicile_du_17_mars-720p.mp4<\/a><\/video><\/div>\n<p>Qui de mieux qu&rsquo;une Auxiliaire de vie pour pr\u00e9senter son m\u00e9tier.<\/p>\n<p>deux vid\u00e9os propos\u00e9es\u00a0 par l&rsquo;UNA<\/p>\n<p>&nbsp;<\/p>\n<p>[\/et_pb_text][\/et_pb_column][\/et_pb_row][\/et_pb_section]<\/p>\n","protected":false},"excerpt":{"rendered":"<p>Actualit\u00e9s Veuillez retrouver les actualit\u00e9s d&rsquo;AARD 24 Les actualit\u00e9s les plus r\u00e9centes<div style=\"width: 1080px;\" class=\"wp-video\"><video class=\"wp-video-shortcode\" id=\"video-178-3\" width=\"1080\" height=\"608\" preload=\"metadata\" controls=\"controls\"><source type=\"video\/mp4\" src=\"https:\/\/aard24.fr\/wp-content\/uploads\/2024\/03\/journee_nationale_des_aides_a_domicile_du_17_mars-720p-1.mp4?_=3\" \/><a href=\"https:\/\/aard24.fr\/wp-content\/uploads\/2024\/03\/journee_nationale_des_aides_a_domicile_du_17_mars-720p-1.mp4\">https:\/\/aard24.fr\/wp-content\/uploads\/2024\/03\/journee_nationale_des_aides_a_domicile_du_17_mars-720p-1.mp4<\/a><\/video><\/div> <div style=\"width: 1080px;\" class=\"wp-video\"><video class=\"wp-video-shortcode\" id=\"video-178-4\" width=\"1080\" height=\"608\" preload=\"metadata\" controls=\"controls\"><source type=\"video\/mp4\" src=\"https:\/\/aard24.fr\/wp-content\/uploads\/2024\/03\/journee_nationale_des_aides_a_domicile_du_17_mars-720p.mp4?_=4\" \/><a href=\"https:\/\/aard24.fr\/wp-content\/uploads\/2024\/03\/journee_nationale_des_aides_a_domicile_du_17_mars-720p.mp4\">https:\/\/aard24.fr\/wp-content\/uploads\/2024\/03\/journee_nationale_des_aides_a_domicile_du_17_mars-720p.mp4<\/a><\/video><\/div> Qui de mieux qu&rsquo;une Auxiliaire de vie pour pr\u00e9senter son m\u00e9tier. deux vid\u00e9os propos\u00e9es\u00a0 par l&rsquo;UNA &nbsp;<\/p>\n","protected":false},"author":1,"featured_media":0,"parent":0,"menu_order":0,"comment_status":"closed","ping_status":"closed","template":"","meta":{"_et_pb_use_builder":"on","_et_pb_old_content":"","_et_gb_content_width":"","footnotes":""},"class_list":["post-178","page","type-page","status-publish","hentry"],"yoast_head":"<!-- This site is optimized with the Yoast SEO plugin v27.1.1 - https:\/\/yoast.com\/product\/yoast-seo-wordpress\/ -->\n<title>Actualit\u00e9s - aard24<\/title>\n<meta name=\"robots\" content=\"index, follow, max-snippet:-1, max-image-preview:large, max-video-preview:-1\" \/>\n<link rel=\"canonical\" href=\"https:\/\/aard24.fr\/?page_id=178\" \/>\n<meta property=\"og:locale\" content=\"fr_FR\" \/>\n<meta property=\"og:type\" content=\"article\" \/>\n<meta property=\"og:title\" content=\"Actualit\u00e9s - aard24\" \/>\n<meta property=\"og:description\" content=\"Actualit\u00e9s Veuillez retrouver les actualit\u00e9s d&#039;AARD 24 Les actualit\u00e9s les plus r\u00e9centes Qui de mieux qu&#039;une Auxiliaire de vie pour pr\u00e9senter son m\u00e9tier. deux vid\u00e9os propos\u00e9es\u00a0 par l&#039;UNA &nbsp;\" \/>\n<meta property=\"og:url\" content=\"https:\/\/aard24.fr\/?page_id=178\" \/>\n<meta property=\"og:site_name\" content=\"aard24\" \/>\n<meta property=\"article:modified_time\" content=\"2025-01-31T08:36:28+00:00\" \/>\n<meta name=\"twitter:card\" content=\"summary_large_image\" \/>\n<script type=\"application\/ld+json\" class=\"yoast-schema-graph\">{\"@context\":\"https:\/\/schema.org\",\"@graph\":[{\"@type\":\"WebPage\",\"@id\":\"https:\/\/aard24.fr\/?page_id=178\",\"url\":\"https:\/\/aard24.fr\/?page_id=178\",\"name\":\"Actualit\u00e9s - aard24\",\"isPartOf\":{\"@id\":\"https:\/\/aard24.fr\/#website\"},\"datePublished\":\"2021-12-07T14:58:49+00:00\",\"dateModified\":\"2025-01-31T08:36:28+00:00\",\"breadcrumb\":{\"@id\":\"https:\/\/aard24.fr\/?page_id=178#breadcrumb\"},\"inLanguage\":\"fr-FR\",\"potentialAction\":[{\"@type\":\"ReadAction\",\"target\":[\"https:\/\/aard24.fr\/?page_id=178\"]}]},{\"@type\":\"BreadcrumbList\",\"@id\":\"https:\/\/aard24.fr\/?page_id=178#breadcrumb\",\"itemListElement\":[{\"@type\":\"ListItem\",\"position\":1,\"name\":\"Accueil\",\"item\":\"https:\/\/aard24.fr\/\"},{\"@type\":\"ListItem\",\"position\":2,\"name\":\"Actualit\u00e9s\"}]},{\"@type\":\"WebSite\",\"@id\":\"https:\/\/aard24.fr\/#website\",\"url\":\"https:\/\/aard24.fr\/\",\"name\":\"aard24\",\"description\":\"l&#039;aide \u00e0 domicile\",\"potentialAction\":[{\"@type\":\"SearchAction\",\"target\":{\"@type\":\"EntryPoint\",\"urlTemplate\":\"https:\/\/aard24.fr\/?s={search_term_string}\"},\"query-input\":{\"@type\":\"PropertyValueSpecification\",\"valueRequired\":true,\"valueName\":\"search_term_string\"}}],\"inLanguage\":\"fr-FR\"}]}<\/script>\n<!-- \/ Yoast SEO plugin. -->","yoast_head_json":{"title":"Actualit\u00e9s - aard24","robots":{"index":"index","follow":"follow","max-snippet":"max-snippet:-1","max-image-preview":"max-image-preview:large","max-video-preview":"max-video-preview:-1"},"canonical":"https:\/\/aard24.fr\/?page_id=178","og_locale":"fr_FR","og_type":"article","og_title":"Actualit\u00e9s - aard24","og_description":"Actualit\u00e9s Veuillez retrouver les actualit\u00e9s d'AARD 24 Les actualit\u00e9s les plus r\u00e9centes Qui de mieux qu'une Auxiliaire de vie pour pr\u00e9senter son m\u00e9tier. deux vid\u00e9os propos\u00e9es\u00a0 par l'UNA &nbsp;","og_url":"https:\/\/aard24.fr\/?page_id=178","og_site_name":"aard24","article_modified_time":"2025-01-31T08:36:28+00:00","twitter_card":"summary_large_image","schema":{"@context":"https:\/\/schema.org","@graph":[{"@type":"WebPage","@id":"https:\/\/aard24.fr\/?page_id=178","url":"https:\/\/aard24.fr\/?page_id=178","name":"Actualit\u00e9s - aard24","isPartOf":{"@id":"https:\/\/aard24.fr\/#website"},"datePublished":"2021-12-07T14:58:49+00:00","dateModified":"2025-01-31T08:36:28+00:00","breadcrumb":{"@id":"https:\/\/aard24.fr\/?page_id=178#breadcrumb"},"inLanguage":"fr-FR","potentialAction":[{"@type":"ReadAction","target":["https:\/\/aard24.fr\/?page_id=178"]}]},{"@type":"BreadcrumbList","@id":"https:\/\/aard24.fr\/?page_id=178#breadcrumb","itemListElement":[{"@type":"ListItem","position":1,"name":"Accueil","item":"https:\/\/aard24.fr\/"},{"@type":"ListItem","position":2,"name":"Actualit\u00e9s"}]},{"@type":"WebSite","@id":"https:\/\/aard24.fr\/#website","url":"https:\/\/aard24.fr\/","name":"aard24","description":"l&#039;aide \u00e0 domicile","potentialAction":[{"@type":"SearchAction","target":{"@type":"EntryPoint","urlTemplate":"https:\/\/aard24.fr\/?s={search_term_string}"},"query-input":{"@type":"PropertyValueSpecification","valueRequired":true,"valueName":"search_term_string"}}],"inLanguage":"fr-FR"}]}},"_links":{"self":[{"href":"https:\/\/aard24.fr\/index.php?rest_route=\/wp\/v2\/pages\/178","targetHints":{"allow":["GET"]}}],"collection":[{"href":"https:\/\/aard24.fr\/index.php?rest_route=\/wp\/v2\/pages"}],"about":[{"href":"https:\/\/aard24.fr\/index.php?rest_route=\/wp\/v2\/types\/page"}],"author":[{"embeddable":true,"href":"https:\/\/aard24.fr\/index.php?rest_route=\/wp\/v2\/users\/1"}],"replies":[{"embeddable":true,"href":"https:\/\/aard24.fr\/index.php?rest_route=%2Fwp%2Fv2%2Fcomments&post=178"}],"version-history":[{"count":15,"href":"https:\/\/aard24.fr\/index.php?rest_route=\/wp\/v2\/pages\/178\/revisions"}],"predecessor-version":[{"id":616,"href":"https:\/\/aard24.fr\/index.php?rest_route=\/wp\/v2\/pages\/178\/revisions\/616"}],"wp:attachment":[{"href":"https:\/\/aard24.fr\/index.php?rest_route=%2Fwp%2Fv2%2Fmedia&parent=178"}],"curies":[{"name":"wp","href":"https:\/\/api.w.org\/{rel}","templated":true}]}}